{"id":111627723,"date":"2026-02-02T12:51:18","date_gmt":"2026-02-02T12:51:18","guid":{"rendered":"https:\/\/airfoam.ro\/shop\/?post_type=product&#038;p=111627723"},"modified":"2026-03-23T09:01:06","modified_gmt":"2026-03-23T09:01:06","slug":"folie-polietilena-expandata-esd-pee-5mm-latime-1-m-lungime-50-ml-roz","status":"publish","type":"product","link":"https:\/\/airfoam.ro\/shop\/produs\/folie-polietilena-expandata-esd-pee-5mm-latime-1-m-lungime-50-ml-roz\/","title":{"rendered":"Folie polietilena expandata ESD (PEE) 5mm, latime 1 m, lungime 50 ml (Roz)"},"content":{"rendered":"<div class=\"wpb-content-wrapper\"><p>[vc_row][vc_column][vc_column_text woodmart_inline=&#8221;no&#8221; text_larger=&#8221;no&#8221;]<\/p>\n<h2>Folie polietilena expandata ESD (PEE) 5mm, latime 1 m, lungime 50 ml (Roz)<\/h2>\n<p>Folia din <strong data-start=\"77\" data-end=\"112\">polietilen\u0103 expandat\u0103 ESD (PEE)<\/strong> este destinat\u0103 ambal\u0103rii profesionale a produselor sensibile la desc\u0103rc\u0103ri electrostatice. Ofer\u0103 protec\u021bie dubl\u0103: <strong data-start=\"227\" data-end=\"265\">control ESD (antistatic\/disipativ)<\/strong> \u0219i <strong data-start=\"269\" data-end=\"292\">amortizare mecanic\u0103<\/strong> \u00eempotriva \u0219ocurilor, vibra\u021biilor \u0219i zg\u00e2rierii. Este flexibil\u0103, u\u0219oar\u0103 \u0219i nu deterioreaz\u0103 suprafe\u021bele delicate.<\/p>\n<div class=\"wpb_text_column wpb_content_element \">\n<div class=\"wpb_wrapper\">\n<div class=\"wpb_text_column wpb_content_element \">\n<div class=\"wpb_wrapper\">\n<h3 data-start=\"405\" data-end=\"419\">Beneficii:<\/h3>\n<ul data-start=\"420\" data-end=\"672\">\n<li data-start=\"420\" data-end=\"501\">\n<p data-start=\"422\" data-end=\"501\">\u26a1 Protec\u021bie ESD \u2013 previne acumularea \u0219i desc\u0103rcarea sarcinilor electrostatice<\/p>\n<\/li>\n<li data-start=\"502\" data-end=\"550\">\n<p data-start=\"504\" data-end=\"550\">\ud83d\udee1\ufe0f Protec\u021bie mecanic\u0103 la impact \u0219i vibra\u021bii<\/p>\n<\/li>\n<li data-start=\"551\" data-end=\"577\">\n<p data-start=\"553\" data-end=\"577\">\ud83e\udeb6 U\u0219oar\u0103 \u0219i flexibil\u0103<\/p>\n<\/li>\n<li data-start=\"578\" data-end=\"608\">\n<p data-start=\"580\" data-end=\"608\">\ud83d\udca7 Rezistent\u0103 la umiditate<\/p>\n<\/li>\n<li data-start=\"609\" data-end=\"636\">\n<p data-start=\"611\" data-end=\"636\">\u274c Nu zg\u00e2rie suprafe\u021bele<\/p>\n<\/li>\n<li data-start=\"637\" data-end=\"672\">\n<p data-start=\"639\" data-end=\"672\">\u267b\ufe0f Reutilizabil\u0103 \u0219i reciclabil\u0103<\/p>\n<\/li>\n<\/ul>\n<h3 data-start=\"674\" data-end=\"699\">Specifica\u021bii tehnice:<\/h3>\n<ul data-start=\"700\" data-end=\"905\">\n<li data-start=\"700\" data-end=\"753\">\n<p data-start=\"702\" data-end=\"753\">Material: <strong data-start=\"712\" data-end=\"753\">polietilen\u0103 expandat\u0103 ESD (PEE \/ EPE)<\/strong><\/p>\n<\/li>\n<li data-start=\"754\" data-end=\"773\">\n<p data-start=\"756\" data-end=\"773\">Grosime: <strong data-start=\"765\" data-end=\"773\">5 mm<\/strong><\/p>\n<\/li>\n<li data-start=\"774\" data-end=\"791\">\n<p data-start=\"776\" data-end=\"791\">L\u0103\u021bime: <strong data-start=\"784\" data-end=\"791\">1 m<\/strong><\/p>\n<\/li>\n<li data-start=\"792\" data-end=\"819\">\n<p data-start=\"794\" data-end=\"819\">Lungime: <strong data-start=\"803\" data-end=\"819\">50 m liniari<\/strong><\/p>\n<\/li>\n<li data-start=\"820\" data-end=\"842\">\n<p data-start=\"822\" data-end=\"842\">Culoare: <strong data-start=\"831\" data-end=\"842\">roz ESD<\/strong><\/p>\n<\/li>\n<li data-start=\"886\" data-end=\"905\">\n<p data-start=\"888\" data-end=\"905\">Livrare: <strong data-start=\"897\" data-end=\"905\">rol\u0103<\/strong><\/p>\n<\/li>\n<\/ul>\n<h3 data-start=\"907\" data-end=\"921\">Aplica\u021bii:<\/h3>\n<ul data-start=\"922\" data-end=\"1096\">\n<li data-start=\"922\" data-end=\"970\">\n<p data-start=\"924\" data-end=\"970\">Ambalare componente electronice \u0219i pl\u0103ci PCB<\/p>\n<\/li>\n<li data-start=\"971\" data-end=\"1009\">\n<p data-start=\"973\" data-end=\"1009\">Protec\u021bie echipamente IT &amp; telecom<\/p>\n<\/li>\n<li data-start=\"1010\" data-end=\"1049\">\n<p data-start=\"1012\" data-end=\"1049\">Industria electronic\u0103 \u0219i automotive<\/p>\n<\/li>\n<li data-start=\"1050\" data-end=\"1096\">\n<p data-start=\"1052\" data-end=\"1096\">Produse sensibile la electricitate static\u0103<\/p>\n<\/li>\n<\/ul>\n<p data-start=\"1098\" data-end=\"1215\">Ideal\u0103 pentru depozitare \u0219i transport \u00een condi\u021bii de siguran\u021b\u0103 a produselor electronice \u0219i a componentelor sensibile.<\/p>\n<h4>Produse din polietilena expandata(PEE) comercializate:<\/h4>\n<ul>\n<li>Rola Airfoam PEE &#8211; 1mm \/ 1 m \/ 500 ml<\/li>\n<li>Rola Airfoam PEE &#8211; 2mm \/ 1 m \/ 100 ml<\/li>\n<li>Rola Airfoam PEE &#8211; 3 mm \/ 1m \/100 ml<\/li>\n<li>Rola Airfoam PEE &#8211; 5 mm \/ 1 m \/ 60 ml<\/li>\n<\/ul>\n<p>&nbsp;<\/p>\n<\/div>\n<\/div>\n<\/div>\n<\/div>\n<p>[\/vc_column_text][\/vc_column][\/vc_row]<\/p>\n<\/div>","protected":false},"excerpt":{"rendered":"<p><strong>Date tehnice:<\/strong><\/p>\n","protected":false},"featured_media":1000000111638704,"comment_status":"open","ping_status":"closed","template":"","meta":[],"product_brand":[],"product_cat":[1037],"product_tag":[286,287,288,289,290],"class_list":{"0":"post-111627723","1":"product","2":"type-product","3":"status-publish","4":"has-post-thumbnail","6":"product_cat-folie-din-polietilena-expandata","7":"product_tag-folie-izolare","8":"product_tag-folie-parchet","9":"product_tag-folie-pee","10":"product_tag-pee","11":"product_tag-polietilena-expandata","12":"product_shipping_class-pee-role-mari","13":"tm-no-options","15":"first","16":"instock","17":"taxable","18":"shipping-taxable","19":"purchasable","20":"product-type-simple"},"yoast_head":"<!-- This site is optimized with the Yoast SEO Premium plugin v22.0 (Yoast SEO v27.4) - https:\/\/yoast.com\/product\/yoast-seo-premium-wordpress\/ -->\n<title>Folie polietilena expandata ESD (PEE) 5mm<\/title>\n<meta name=\"description\" content=\"Folie polietilena expandata ESD (PEE) 5mm, latime de 100 cm si 100 ml lungime. Se foloseste la impachetarea pproduselor si in constructii.\" \/>\n<meta name=\"robots\" content=\"index, follow, max-snippet:-1, max-image-preview:large, max-video-preview:-1\" \/>\n<link rel=\"canonical\" href=\"https:\/\/airfoam.ro\/shop\/produs\/folie-polietilena-expandata-esd-pee-5mm-latime-1-m-lungime-50-ml-roz\/\" \/>\n<meta property=\"og:locale\" content=\"ro_RO\" \/>\n<meta property=\"og:type\" content=\"article\" \/>\n<meta property=\"og:title\" content=\"Folie polietilena expandata ESD (PEE) 5mm, latime 1 m, lungime 50 ml (Roz)\" \/>\n<meta property=\"og:description\" content=\"Folie polietilena expandata ESD (PEE) 5mm, latime de 100 cm si 100 ml lungime. Se foloseste la impachetarea pproduselor si in constructii.\" \/>\n<meta property=\"og:url\" content=\"https:\/\/airfoam.ro\/shop\/produs\/folie-polietilena-expandata-esd-pee-5mm-latime-1-m-lungime-50-ml-roz\/\" \/>\n<meta property=\"og:site_name\" content=\"Produse din polietilena expandata\" \/>\n<meta property=\"article:modified_time\" content=\"2026-03-23T09:01:06+00:00\" \/>\n<meta name=\"twitter:card\" content=\"summary_large_image\" \/>\n<meta name=\"twitter:label1\" content=\"Timp estimat pentru citire\" \/>\n\t<meta name=\"twitter:data1\" content=\"1 minut\" \/>\n<script type=\"application\/ld+json\" class=\"yoast-schema-graph\">{\"@context\":\"https:\\\/\\\/schema.org\",\"@graph\":[{\"@type\":[\"WebPage\",\"ItemPage\"],\"@id\":\"https:\\\/\\\/airfoam.ro\\\/shop\\\/produs\\\/folie-polietilena-expandata-esd-pee-5mm-latime-1-m-lungime-50-ml-roz\\\/\",\"url\":\"https:\\\/\\\/airfoam.ro\\\/shop\\\/produs\\\/folie-polietilena-expandata-esd-pee-5mm-latime-1-m-lungime-50-ml-roz\\\/\",\"name\":\"Folie polietilena expandata ESD (PEE) 5mm\",\"isPartOf\":{\"@id\":\"https:\\\/\\\/airfoam.ro\\\/shop\\\/#website\"},\"primaryImageOfPage\":{\"@id\":\"https:\\\/\\\/airfoam.ro\\\/shop\\\/produs\\\/folie-polietilena-expandata-esd-pee-5mm-latime-1-m-lungime-50-ml-roz\\\/#primaryimage\"},\"image\":{\"@id\":\"https:\\\/\\\/airfoam.ro\\\/shop\\\/produs\\\/folie-polietilena-expandata-esd-pee-5mm-latime-1-m-lungime-50-ml-roz\\\/#primaryimage\"},\"thumbnailUrl\":\"https:\\\/\\\/rgi.ro\\\/wp-content\\\/uploads\\\/2026\\\/02\\\/Airfoam-rola-5mm-ESD-50m2.jpg\",\"datePublished\":\"2026-02-02T12:51:18+00:00\",\"dateModified\":\"2026-03-23T09:01:06+00:00\",\"description\":\"Folie polietilena expandata ESD (PEE) 5mm, latime de 100 cm si 100 ml lungime. Se foloseste la impachetarea pproduselor si in constructii.\",\"breadcrumb\":{\"@id\":\"https:\\\/\\\/airfoam.ro\\\/shop\\\/produs\\\/folie-polietilena-expandata-esd-pee-5mm-latime-1-m-lungime-50-ml-roz\\\/#breadcrumb\"},\"inLanguage\":\"ro-RO\",\"potentialAction\":[{\"@type\":\"ReadAction\",\"target\":[\"https:\\\/\\\/airfoam.ro\\\/shop\\\/produs\\\/folie-polietilena-expandata-esd-pee-5mm-latime-1-m-lungime-50-ml-roz\\\/\"]}]},{\"@type\":\"ImageObject\",\"inLanguage\":\"ro-RO\",\"@id\":\"https:\\\/\\\/airfoam.ro\\\/shop\\\/produs\\\/folie-polietilena-expandata-esd-pee-5mm-latime-1-m-lungime-50-ml-roz\\\/#primaryimage\",\"url\":\"https:\\\/\\\/rgi.ro\\\/wp-content\\\/uploads\\\/2026\\\/02\\\/Airfoam-rola-5mm-ESD-50m2.jpg\",\"contentUrl\":\"https:\\\/\\\/rgi.ro\\\/wp-content\\\/uploads\\\/2026\\\/02\\\/Airfoam-rola-5mm-ESD-50m2.jpg\"},{\"@type\":\"BreadcrumbList\",\"@id\":\"https:\\\/\\\/airfoam.ro\\\/shop\\\/produs\\\/folie-polietilena-expandata-esd-pee-5mm-latime-1-m-lungime-50-ml-roz\\\/#breadcrumb\",\"itemListElement\":[{\"@type\":\"ListItem\",\"position\":1,\"name\":\"Home\",\"item\":\"https:\\\/\\\/airfoam.ro\\\/shop\\\/\"},{\"@type\":\"ListItem\",\"position\":2,\"name\":\"Toate Produsele\",\"item\":\"https:\\\/\\\/airfoam.ro\\\/shop\\\/toate-produsele\\\/\"},{\"@type\":\"ListItem\",\"position\":3,\"name\":\"Folie polietilena expandata ESD (PEE) 5mm, latime 1 m, lungime 50 ml (Roz)\"}]},{\"@type\":\"WebSite\",\"@id\":\"https:\\\/\\\/airfoam.ro\\\/shop\\\/#website\",\"url\":\"https:\\\/\\\/airfoam.ro\\\/shop\\\/\",\"name\":\"Produse din polietilena expandata\",\"description\":\"Comercializam polietilena expandata, placi din PEE, folie din polietilena expandata, pungi din polietilena expandata.\",\"publisher\":{\"@id\":\"https:\\\/\\\/airfoam.ro\\\/shop\\\/#organization\"},\"potentialAction\":[{\"@type\":\"SearchAction\",\"target\":{\"@type\":\"EntryPoint\",\"urlTemplate\":\"https:\\\/\\\/airfoam.ro\\\/shop\\\/?s={search_term_string}\"},\"query-input\":{\"@type\":\"PropertyValueSpecification\",\"valueRequired\":true,\"valueName\":\"search_term_string\"}}],\"inLanguage\":\"ro-RO\"},{\"@type\":\"Organization\",\"@id\":\"https:\\\/\\\/airfoam.ro\\\/shop\\\/#organization\",\"name\":\"Airfoam SRL\",\"url\":\"https:\\\/\\\/airfoam.ro\\\/shop\\\/\",\"logo\":{\"@type\":\"ImageObject\",\"inLanguage\":\"ro-RO\",\"@id\":\"https:\\\/\\\/airfoam.ro\\\/shop\\\/#\\\/schema\\\/logo\\\/image\\\/\",\"url\":\"https:\\\/\\\/airfoam.ro\\\/shop\\\/wp-content\\\/uploads\\\/2020\\\/12\\\/airfoam-logo-BLACK-NOU-1.png\",\"contentUrl\":\"https:\\\/\\\/airfoam.ro\\\/shop\\\/wp-content\\\/uploads\\\/2020\\\/12\\\/airfoam-logo-BLACK-NOU-1.png\",\"width\":188,\"height\":65,\"caption\":\"Airfoam SRL\"},\"image\":{\"@id\":\"https:\\\/\\\/airfoam.ro\\\/shop\\\/#\\\/schema\\\/logo\\\/image\\\/\"}}]}<\/script>\n<!-- \/ Yoast SEO Premium plugin. -->","yoast_head_json":{"title":"Folie polietilena expandata ESD (PEE) 5mm","description":"Folie polietilena expandata ESD (PEE) 5mm, latime de 100 cm si 100 ml lungime. Se foloseste la impachetarea pproduselor si in constructii.","robots":{"index":"index","follow":"follow","max-snippet":"max-snippet:-1","max-image-preview":"max-image-preview:large","max-video-preview":"max-video-preview:-1"},"canonical":"https:\/\/airfoam.ro\/shop\/produs\/folie-polietilena-expandata-esd-pee-5mm-latime-1-m-lungime-50-ml-roz\/","og_locale":"ro_RO","og_type":"article","og_title":"Folie polietilena expandata ESD (PEE) 5mm, latime 1 m, lungime 50 ml (Roz)","og_description":"Folie polietilena expandata ESD (PEE) 5mm, latime de 100 cm si 100 ml lungime. Se foloseste la impachetarea pproduselor si in constructii.","og_url":"https:\/\/airfoam.ro\/shop\/produs\/folie-polietilena-expandata-esd-pee-5mm-latime-1-m-lungime-50-ml-roz\/","og_site_name":"Produse din polietilena expandata","article_modified_time":"2026-03-23T09:01:06+00:00","twitter_card":"summary_large_image","twitter_misc":{"Timp estimat pentru citire":"1 minut"},"schema":{"@context":"https:\/\/schema.org","@graph":[{"@type":["WebPage","ItemPage"],"@id":"https:\/\/airfoam.ro\/shop\/produs\/folie-polietilena-expandata-esd-pee-5mm-latime-1-m-lungime-50-ml-roz\/","url":"https:\/\/airfoam.ro\/shop\/produs\/folie-polietilena-expandata-esd-pee-5mm-latime-1-m-lungime-50-ml-roz\/","name":"Folie polietilena expandata ESD (PEE) 5mm","isPartOf":{"@id":"https:\/\/airfoam.ro\/shop\/#website"},"primaryImageOfPage":{"@id":"https:\/\/airfoam.ro\/shop\/produs\/folie-polietilena-expandata-esd-pee-5mm-latime-1-m-lungime-50-ml-roz\/#primaryimage"},"image":{"@id":"https:\/\/airfoam.ro\/shop\/produs\/folie-polietilena-expandata-esd-pee-5mm-latime-1-m-lungime-50-ml-roz\/#primaryimage"},"thumbnailUrl":"https:\/\/rgi.ro\/wp-content\/uploads\/2026\/02\/Airfoam-rola-5mm-ESD-50m2.jpg","datePublished":"2026-02-02T12:51:18+00:00","dateModified":"2026-03-23T09:01:06+00:00","description":"Folie polietilena expandata ESD (PEE) 5mm, latime de 100 cm si 100 ml lungime. Se foloseste la impachetarea pproduselor si in constructii.","breadcrumb":{"@id":"https:\/\/airfoam.ro\/shop\/produs\/folie-polietilena-expandata-esd-pee-5mm-latime-1-m-lungime-50-ml-roz\/#breadcrumb"},"inLanguage":"ro-RO","potentialAction":[{"@type":"ReadAction","target":["https:\/\/airfoam.ro\/shop\/produs\/folie-polietilena-expandata-esd-pee-5mm-latime-1-m-lungime-50-ml-roz\/"]}]},{"@type":"ImageObject","inLanguage":"ro-RO","@id":"https:\/\/airfoam.ro\/shop\/produs\/folie-polietilena-expandata-esd-pee-5mm-latime-1-m-lungime-50-ml-roz\/#primaryimage","url":"https:\/\/rgi.ro\/wp-content\/uploads\/2026\/02\/Airfoam-rola-5mm-ESD-50m2.jpg","contentUrl":"https:\/\/rgi.ro\/wp-content\/uploads\/2026\/02\/Airfoam-rola-5mm-ESD-50m2.jpg"},{"@type":"BreadcrumbList","@id":"https:\/\/airfoam.ro\/shop\/produs\/folie-polietilena-expandata-esd-pee-5mm-latime-1-m-lungime-50-ml-roz\/#breadcrumb","itemListElement":[{"@type":"ListItem","position":1,"name":"Home","item":"https:\/\/airfoam.ro\/shop\/"},{"@type":"ListItem","position":2,"name":"Toate Produsele","item":"https:\/\/airfoam.ro\/shop\/toate-produsele\/"},{"@type":"ListItem","position":3,"name":"Folie polietilena expandata ESD (PEE) 5mm, latime 1 m, lungime 50 ml (Roz)"}]},{"@type":"WebSite","@id":"https:\/\/airfoam.ro\/shop\/#website","url":"https:\/\/airfoam.ro\/shop\/","name":"Produse din polietilena expandata","description":"Comercializam polietilena expandata, placi din PEE, folie din polietilena expandata, pungi din polietilena expandata.","publisher":{"@id":"https:\/\/airfoam.ro\/shop\/#organization"},"potentialAction":[{"@type":"SearchAction","target":{"@type":"EntryPoint","urlTemplate":"https:\/\/airfoam.ro\/shop\/?s={search_term_string}"},"query-input":{"@type":"PropertyValueSpecification","valueRequired":true,"valueName":"search_term_string"}}],"inLanguage":"ro-RO"},{"@type":"Organization","@id":"https:\/\/airfoam.ro\/shop\/#organization","name":"Airfoam SRL","url":"https:\/\/airfoam.ro\/shop\/","logo":{"@type":"ImageObject","inLanguage":"ro-RO","@id":"https:\/\/airfoam.ro\/shop\/#\/schema\/logo\/image\/","url":"https:\/\/airfoam.ro\/shop\/wp-content\/uploads\/2020\/12\/airfoam-logo-BLACK-NOU-1.png","contentUrl":"https:\/\/airfoam.ro\/shop\/wp-content\/uploads\/2020\/12\/airfoam-logo-BLACK-NOU-1.png","width":188,"height":65,"caption":"Airfoam SRL"},"image":{"@id":"https:\/\/airfoam.ro\/shop\/#\/schema\/logo\/image\/"}}]}},"_links":{"self":[{"href":"https:\/\/airfoam.ro\/shop\/wp-json\/wp\/v2\/product\/111627723","targetHints":{"allow":["GET"]}}],"collection":[{"href":"https:\/\/airfoam.ro\/shop\/wp-json\/wp\/v2\/product"}],"about":[{"href":"https:\/\/airfoam.ro\/shop\/wp-json\/wp\/v2\/types\/product"}],"replies":[{"embeddable":true,"href":"https:\/\/airfoam.ro\/shop\/wp-json\/wp\/v2\/comments?post=111627723"}],"wp:featuredmedia":[{"embeddable":true,"href":"https:\/\/airfoam.ro\/shop\/wp-json\/"}],"wp:attachment":[{"href":"https:\/\/airfoam.ro\/shop\/wp-json\/wp\/v2\/media?parent=111627723"}],"wp:term":[{"taxonomy":"product_brand","embeddable":true,"href":"https:\/\/airfoam.ro\/shop\/wp-json\/wp\/v2\/product_brand?post=111627723"},{"taxonomy":"product_cat","embeddable":true,"href":"https:\/\/airfoam.ro\/shop\/wp-json\/wp\/v2\/product_cat?post=111627723"},{"taxonomy":"product_tag","embeddable":true,"href":"https:\/\/airfoam.ro\/shop\/wp-json\/wp\/v2\/product_tag?post=111627723"}],"curies":[{"name":"wp","href":"https:\/\/api.w.org\/{rel}","templated":true}]}}