{"id":1116046,"date":"2022-04-12T14:21:54","date_gmt":"2022-04-12T14:21:54","guid":{"rendered":"https:\/\/airfoam.ro\/shop\/produs\/folie-polietilena-expandata-macroperforata-airfoam-3-mm-x-100-ml-negru\/"},"modified":"2026-03-31T15:11:50","modified_gmt":"2026-03-31T15:11:50","slug":"folie-polietilena-expandata-macroperforata-airfoam-3-mm-x-100-ml-negru","status":"publish","type":"product","link":"https:\/\/airfoam.ro\/shop\/produs\/folie-polietilena-expandata-macroperforata-airfoam-3-mm-x-100-ml-negru\/","title":{"rendered":"Folie polietilena expandata macroperforata Airfoam 3 mm x 100 ml (negru)"},"content":{"rendered":"<div class=\"wpb-content-wrapper\"><p>[vc_row][vc_column][vc_column_text woodmart_inline=&#8221;no&#8221; text_larger=&#8221;no&#8221;]<\/p>\n<h2>Folie polietilena expandata macroperforata Airfoam 3 mm 100 ml (negru)<\/h2>\n<p>Un alt produs esential in izolatiile termice interioare, folie de <a href=\"https:\/\/airfoam.ro\/shop\/produs\/placa-din-polietilena-expandata-2000-mm-x-1200-mm-x-100-mm\/\">polietilena expandata<\/a> macroperforata este distribuita sub forma de folii de o grosime de 2, 3 si 5 mm.<\/p>\n<p>Utilizati aceste folii de polietilena expandata macroperforata pentru izolarea termica si fonica a parchetului laminat si nelaminat. Este antialergica, nu retine praful, foarte usor de montat si buna izolatoare permitand insa trecerea caldurii.<\/p>\n<p>Este recomandata pentru a fi utilizata in incaperile cu incalzirea in pardoseala si ajuta si la eliminarea micilor denivelari de la nivelul sapei.<\/p>\n<div class=\"wpb_text_column wpb_content_element \">\n<div class=\"wpb_wrapper\">\n<h3>Folie din polietilena expandata natur<\/h3>\n<p>Prin expandarea granulelor de polietilena de joasa desitate se obtine folie din polietilena expandata. Folia din polietilena este unul dintre cele mai comune produse plastice pe care le folosim zi de zi, in diferite industrii. In forma expandata, acest tip de folie este utilzata ca si ambalaj in industria sticlei, ceramicii, mobilei si a electronicii.<\/p>\n<p>In forma sa natur, incolora, ea poate fi utilizata atat ca si protectie pentru diferitele tipuri de marfuri pe care le impachetam si distribuim. Folia se foloseste si ca material esential in izolatii precum hidroizolatiile sau protetia teraselor si a fundatiilor in constructiile civile, sau publice.<\/p>\n<div id=\"ultimate-heading-2819617269b4491fd\" class=\"uvc-heading ult-adjust-bottom-margin ultimate-heading-2819617269b4491fd uvc-3043 \" data-hspacer=\"no_spacer\" data-halign=\"center\">\n<div class=\"uvc-main-heading ult-responsive\" data-ultimate-target=\".uvc-heading.ultimate-heading-2819617269b4491fd h2\" data-responsive-json-new=\"{&quot;font-size&quot;:&quot;&quot;,&quot;line-height&quot;:&quot;&quot;}\">\n<h3>Aplicabilitate<\/h3>\n<\/div>\n<\/div>\n<div class=\"wpb_text_column wpb_content_element \">\n<div class=\"wpb_wrapper\">\n<p>Se utilizeaz\u0103 ca ambalaj \u00een industriile sticlei, ceramicii, mobilei, electronica \u0219i in alte industrii unde se produc produse ce necesita o buna protectie.\u00a0 In domeniul constructiilor folia din polietilena expandata se poate folosi ca strat de protec\u021bie a hidroizola\u021biilor, teraselor \u0219i funda\u021biilor, ca bariere contra vaporilor, ca izola\u021bii la zgomote de impact, ca strat de preluare a vibra\u021biilor sau la montarea parchetului.<\/p>\n<p>Folia din polietilena expandata reprezinta materialul ideal si pentru izolarea audio dar si pentru preluarea virbatiilor, fiind perfecta pentru etansarea rosturilor la montarea parchetului.<\/p>\n<p>Pe langa protectia oferita produselor ambalate in folie din polietilena expandata o alta proprietate important\u0103 este rezisten\u021ba ridicat\u0103 la \u00eemb\u0103tranire \u0219i o mare rezisten\u021b\u0103 la ac\u021biunea compusilor chimici (acizi, baze, saruri, diluanti, produse petroliere).<\/p>\n<h4>Produse din polietilena expandata(PEE) comercializate:<\/h4>\n<ul>\n<li>Rola Airfoam PEE &#8211; 1mm \/ 1 m \/ 500 ml<\/li>\n<li>Rola Airfoam PEE &#8211; 2mm \/ 1 m \/ 100 ml<\/li>\n<li>Rola Airfoam PEE &#8211; 3 mm \/ 1m \/100 ml<\/li>\n<li>Rola Airfoam PEE &#8211; 5 mm \/ 1 m \/ 60 ml<\/li>\n<\/ul>\n<p>Pentru mai multe informatii legate de polietilena expandata puteti accesa una din paginile partenerilor nostri: <a href=\"https:\/\/airfoam.ro\/polietilena-expandata\/\" target=\"_blank\" rel=\"noopener\">Airfoam.ro<\/a> sau <a href=\"https:\/\/axtrom.ro\/polietilena-expandata-pee\/\" target=\"_blank\" rel=\"noopener\">Axtrom.ro<\/a><\/p>\n<\/div>\n<\/div>\n<\/div>\n<\/div>\n<p>[\/vc_column_text][\/vc_column][\/vc_row]<\/p>\n<\/div>","protected":false},"excerpt":{"rendered":"<p><strong>Date tehnice:<\/strong><\/p>\n","protected":false},"featured_media":1000000111636390,"comment_status":"open","ping_status":"closed","template":"","meta":[],"product_brand":[],"product_cat":[1038,1039,1037,1181],"product_tag":[286,287,288,289,290],"class_list":{"0":"post-1116046","1":"product","2":"type-product","3":"status-publish","4":"has-post-thumbnail","6":"product_cat-folie-din-polietilena-expandata-folie-din-polietilena-expandata","7":"product_cat-folie-parchet","8":"product_cat-folie-din-polietilena-expandata","9":"product_cat-polietilena-expandata-macroperforata","10":"product_tag-folie-izolare","11":"product_tag-folie-parchet","12":"product_tag-folie-pee","13":"product_tag-pee","14":"product_tag-polietilena-expandata","15":"product_shipping_class-pee-role","16":"tm-no-options","18":"first","19":"instock","20":"taxable","21":"shipping-taxable","22":"purchasable","23":"product-type-simple"},"yoast_head":"<!-- This site is optimized with the Yoast SEO Premium plugin v22.0 (Yoast SEO v27.4) - https:\/\/yoast.com\/product\/yoast-seo-premium-wordpress\/ -->\n<title>Folie polietilena expandata macroperforata Airfoam 3 mm x 100 ml<\/title>\n<meta name=\"description\" content=\"Folie polietilena expandata macroperforata Airfoam 3 mm x 100 ml . Se foloseste la impachetarea produselor si in constructii.\" \/>\n<meta name=\"robots\" content=\"index, follow, max-snippet:-1, max-image-preview:large, max-video-preview:-1\" \/>\n<link rel=\"canonical\" href=\"https:\/\/airfoam.ro\/shop\/produs\/folie-polietilena-expandata-macroperforata-airfoam-3-mm-x-100-ml-negru\/\" \/>\n<meta property=\"og:locale\" content=\"ro_RO\" \/>\n<meta property=\"og:type\" content=\"article\" \/>\n<meta property=\"og:title\" content=\"Folie polietilena expandata macroperforata Airfoam 3 mm x 100 ml (negru)\" \/>\n<meta property=\"og:description\" content=\"Folie polietilena expandata macroperforata Airfoam 3 mm x 100 ml . Se foloseste la impachetarea produselor si in constructii.\" \/>\n<meta property=\"og:url\" content=\"https:\/\/airfoam.ro\/shop\/produs\/folie-polietilena-expandata-macroperforata-airfoam-3-mm-x-100-ml-negru\/\" \/>\n<meta property=\"og:site_name\" content=\"Produse din polietilena expandata\" \/>\n<meta property=\"article:modified_time\" content=\"2026-03-31T15:11:50+00:00\" \/>\n<meta name=\"twitter:card\" content=\"summary_large_image\" \/>\n<meta name=\"twitter:label1\" content=\"Timp estimat pentru citire\" \/>\n\t<meta name=\"twitter:data1\" content=\"2 minute\" \/>\n<script type=\"application\/ld+json\" class=\"yoast-schema-graph\">{\"@context\":\"https:\\\/\\\/schema.org\",\"@graph\":[{\"@type\":[\"WebPage\",\"ItemPage\"],\"@id\":\"https:\\\/\\\/airfoam.ro\\\/shop\\\/produs\\\/folie-polietilena-expandata-macroperforata-airfoam-3-mm-x-100-ml-negru\\\/\",\"url\":\"https:\\\/\\\/airfoam.ro\\\/shop\\\/produs\\\/folie-polietilena-expandata-macroperforata-airfoam-3-mm-x-100-ml-negru\\\/\",\"name\":\"Folie polietilena expandata macroperforata Airfoam 3 mm x 100 ml\",\"isPartOf\":{\"@id\":\"https:\\\/\\\/airfoam.ro\\\/shop\\\/#website\"},\"primaryImageOfPage\":{\"@id\":\"https:\\\/\\\/airfoam.ro\\\/shop\\\/produs\\\/folie-polietilena-expandata-macroperforata-airfoam-3-mm-x-100-ml-negru\\\/#primaryimage\"},\"image\":{\"@id\":\"https:\\\/\\\/airfoam.ro\\\/shop\\\/produs\\\/folie-polietilena-expandata-macroperforata-airfoam-3-mm-x-100-ml-negru\\\/#primaryimage\"},\"thumbnailUrl\":\"https:\\\/\\\/rgi.ro\\\/wp-content\\\/uploads\\\/2022\\\/04\\\/Folie-PEE-Macroperforata-Airfoam-3mm1.jpg\",\"datePublished\":\"2022-04-12T14:21:54+00:00\",\"dateModified\":\"2026-03-31T15:11:50+00:00\",\"description\":\"Folie polietilena expandata macroperforata Airfoam 3 mm x 100 ml . Se foloseste la impachetarea produselor si in constructii.\",\"breadcrumb\":{\"@id\":\"https:\\\/\\\/airfoam.ro\\\/shop\\\/produs\\\/folie-polietilena-expandata-macroperforata-airfoam-3-mm-x-100-ml-negru\\\/#breadcrumb\"},\"inLanguage\":\"ro-RO\",\"potentialAction\":[{\"@type\":\"ReadAction\",\"target\":[\"https:\\\/\\\/airfoam.ro\\\/shop\\\/produs\\\/folie-polietilena-expandata-macroperforata-airfoam-3-mm-x-100-ml-negru\\\/\"]}]},{\"@type\":\"ImageObject\",\"inLanguage\":\"ro-RO\",\"@id\":\"https:\\\/\\\/airfoam.ro\\\/shop\\\/produs\\\/folie-polietilena-expandata-macroperforata-airfoam-3-mm-x-100-ml-negru\\\/#primaryimage\",\"url\":\"https:\\\/\\\/rgi.ro\\\/wp-content\\\/uploads\\\/2022\\\/04\\\/Folie-PEE-Macroperforata-Airfoam-3mm1.jpg\",\"contentUrl\":\"https:\\\/\\\/rgi.ro\\\/wp-content\\\/uploads\\\/2022\\\/04\\\/Folie-PEE-Macroperforata-Airfoam-3mm1.jpg\"},{\"@type\":\"BreadcrumbList\",\"@id\":\"https:\\\/\\\/airfoam.ro\\\/shop\\\/produs\\\/folie-polietilena-expandata-macroperforata-airfoam-3-mm-x-100-ml-negru\\\/#breadcrumb\",\"itemListElement\":[{\"@type\":\"ListItem\",\"position\":1,\"name\":\"Home\",\"item\":\"https:\\\/\\\/airfoam.ro\\\/shop\\\/\"},{\"@type\":\"ListItem\",\"position\":2,\"name\":\"Toate Produsele\",\"item\":\"https:\\\/\\\/airfoam.ro\\\/shop\\\/toate-produsele\\\/\"},{\"@type\":\"ListItem\",\"position\":3,\"name\":\"Folie polietilena expandata macroperforata Airfoam 3 mm x 100 ml (negru)\"}]},{\"@type\":\"WebSite\",\"@id\":\"https:\\\/\\\/airfoam.ro\\\/shop\\\/#website\",\"url\":\"https:\\\/\\\/airfoam.ro\\\/shop\\\/\",\"name\":\"Produse din polietilena expandata\",\"description\":\"Comercializam polietilena expandata, placi din PEE, folie din polietilena expandata, pungi din polietilena expandata.\",\"publisher\":{\"@id\":\"https:\\\/\\\/airfoam.ro\\\/shop\\\/#organization\"},\"potentialAction\":[{\"@type\":\"SearchAction\",\"target\":{\"@type\":\"EntryPoint\",\"urlTemplate\":\"https:\\\/\\\/airfoam.ro\\\/shop\\\/?s={search_term_string}\"},\"query-input\":{\"@type\":\"PropertyValueSpecification\",\"valueRequired\":true,\"valueName\":\"search_term_string\"}}],\"inLanguage\":\"ro-RO\"},{\"@type\":\"Organization\",\"@id\":\"https:\\\/\\\/airfoam.ro\\\/shop\\\/#organization\",\"name\":\"Airfoam SRL\",\"url\":\"https:\\\/\\\/airfoam.ro\\\/shop\\\/\",\"logo\":{\"@type\":\"ImageObject\",\"inLanguage\":\"ro-RO\",\"@id\":\"https:\\\/\\\/airfoam.ro\\\/shop\\\/#\\\/schema\\\/logo\\\/image\\\/\",\"url\":\"https:\\\/\\\/airfoam.ro\\\/shop\\\/wp-content\\\/uploads\\\/2020\\\/12\\\/airfoam-logo-BLACK-NOU-1.png\",\"contentUrl\":\"https:\\\/\\\/airfoam.ro\\\/shop\\\/wp-content\\\/uploads\\\/2020\\\/12\\\/airfoam-logo-BLACK-NOU-1.png\",\"width\":188,\"height\":65,\"caption\":\"Airfoam SRL\"},\"image\":{\"@id\":\"https:\\\/\\\/airfoam.ro\\\/shop\\\/#\\\/schema\\\/logo\\\/image\\\/\"}}]}<\/script>\n<!-- \/ Yoast SEO Premium plugin. -->","yoast_head_json":{"title":"Folie polietilena expandata macroperforata Airfoam 3 mm x 100 ml","description":"Folie polietilena expandata macroperforata Airfoam 3 mm x 100 ml . Se foloseste la impachetarea produselor si in constructii.","robots":{"index":"index","follow":"follow","max-snippet":"max-snippet:-1","max-image-preview":"max-image-preview:large","max-video-preview":"max-video-preview:-1"},"canonical":"https:\/\/airfoam.ro\/shop\/produs\/folie-polietilena-expandata-macroperforata-airfoam-3-mm-x-100-ml-negru\/","og_locale":"ro_RO","og_type":"article","og_title":"Folie polietilena expandata macroperforata Airfoam 3 mm x 100 ml (negru)","og_description":"Folie polietilena expandata macroperforata Airfoam 3 mm x 100 ml . Se foloseste la impachetarea produselor si in constructii.","og_url":"https:\/\/airfoam.ro\/shop\/produs\/folie-polietilena-expandata-macroperforata-airfoam-3-mm-x-100-ml-negru\/","og_site_name":"Produse din polietilena expandata","article_modified_time":"2026-03-31T15:11:50+00:00","twitter_card":"summary_large_image","twitter_misc":{"Timp estimat pentru citire":"2 minute"},"schema":{"@context":"https:\/\/schema.org","@graph":[{"@type":["WebPage","ItemPage"],"@id":"https:\/\/airfoam.ro\/shop\/produs\/folie-polietilena-expandata-macroperforata-airfoam-3-mm-x-100-ml-negru\/","url":"https:\/\/airfoam.ro\/shop\/produs\/folie-polietilena-expandata-macroperforata-airfoam-3-mm-x-100-ml-negru\/","name":"Folie polietilena expandata macroperforata Airfoam 3 mm x 100 ml","isPartOf":{"@id":"https:\/\/airfoam.ro\/shop\/#website"},"primaryImageOfPage":{"@id":"https:\/\/airfoam.ro\/shop\/produs\/folie-polietilena-expandata-macroperforata-airfoam-3-mm-x-100-ml-negru\/#primaryimage"},"image":{"@id":"https:\/\/airfoam.ro\/shop\/produs\/folie-polietilena-expandata-macroperforata-airfoam-3-mm-x-100-ml-negru\/#primaryimage"},"thumbnailUrl":"https:\/\/rgi.ro\/wp-content\/uploads\/2022\/04\/Folie-PEE-Macroperforata-Airfoam-3mm1.jpg","datePublished":"2022-04-12T14:21:54+00:00","dateModified":"2026-03-31T15:11:50+00:00","description":"Folie polietilena expandata macroperforata Airfoam 3 mm x 100 ml . Se foloseste la impachetarea produselor si in constructii.","breadcrumb":{"@id":"https:\/\/airfoam.ro\/shop\/produs\/folie-polietilena-expandata-macroperforata-airfoam-3-mm-x-100-ml-negru\/#breadcrumb"},"inLanguage":"ro-RO","potentialAction":[{"@type":"ReadAction","target":["https:\/\/airfoam.ro\/shop\/produs\/folie-polietilena-expandata-macroperforata-airfoam-3-mm-x-100-ml-negru\/"]}]},{"@type":"ImageObject","inLanguage":"ro-RO","@id":"https:\/\/airfoam.ro\/shop\/produs\/folie-polietilena-expandata-macroperforata-airfoam-3-mm-x-100-ml-negru\/#primaryimage","url":"https:\/\/rgi.ro\/wp-content\/uploads\/2022\/04\/Folie-PEE-Macroperforata-Airfoam-3mm1.jpg","contentUrl":"https:\/\/rgi.ro\/wp-content\/uploads\/2022\/04\/Folie-PEE-Macroperforata-Airfoam-3mm1.jpg"},{"@type":"BreadcrumbList","@id":"https:\/\/airfoam.ro\/shop\/produs\/folie-polietilena-expandata-macroperforata-airfoam-3-mm-x-100-ml-negru\/#breadcrumb","itemListElement":[{"@type":"ListItem","position":1,"name":"Home","item":"https:\/\/airfoam.ro\/shop\/"},{"@type":"ListItem","position":2,"name":"Toate Produsele","item":"https:\/\/airfoam.ro\/shop\/toate-produsele\/"},{"@type":"ListItem","position":3,"name":"Folie polietilena expandata macroperforata Airfoam 3 mm x 100 ml (negru)"}]},{"@type":"WebSite","@id":"https:\/\/airfoam.ro\/shop\/#website","url":"https:\/\/airfoam.ro\/shop\/","name":"Produse din polietilena expandata","description":"Comercializam polietilena expandata, placi din PEE, folie din polietilena expandata, pungi din polietilena expandata.","publisher":{"@id":"https:\/\/airfoam.ro\/shop\/#organization"},"potentialAction":[{"@type":"SearchAction","target":{"@type":"EntryPoint","urlTemplate":"https:\/\/airfoam.ro\/shop\/?s={search_term_string}"},"query-input":{"@type":"PropertyValueSpecification","valueRequired":true,"valueName":"search_term_string"}}],"inLanguage":"ro-RO"},{"@type":"Organization","@id":"https:\/\/airfoam.ro\/shop\/#organization","name":"Airfoam SRL","url":"https:\/\/airfoam.ro\/shop\/","logo":{"@type":"ImageObject","inLanguage":"ro-RO","@id":"https:\/\/airfoam.ro\/shop\/#\/schema\/logo\/image\/","url":"https:\/\/airfoam.ro\/shop\/wp-content\/uploads\/2020\/12\/airfoam-logo-BLACK-NOU-1.png","contentUrl":"https:\/\/airfoam.ro\/shop\/wp-content\/uploads\/2020\/12\/airfoam-logo-BLACK-NOU-1.png","width":188,"height":65,"caption":"Airfoam SRL"},"image":{"@id":"https:\/\/airfoam.ro\/shop\/#\/schema\/logo\/image\/"}}]}},"_links":{"self":[{"href":"https:\/\/airfoam.ro\/shop\/wp-json\/wp\/v2\/product\/1116046","targetHints":{"allow":["GET"]}}],"collection":[{"href":"https:\/\/airfoam.ro\/shop\/wp-json\/wp\/v2\/product"}],"about":[{"href":"https:\/\/airfoam.ro\/shop\/wp-json\/wp\/v2\/types\/product"}],"replies":[{"embeddable":true,"href":"https:\/\/airfoam.ro\/shop\/wp-json\/wp\/v2\/comments?post=1116046"}],"wp:featuredmedia":[{"embeddable":true,"href":"https:\/\/airfoam.ro\/shop\/wp-json\/"}],"wp:attachment":[{"href":"https:\/\/airfoam.ro\/shop\/wp-json\/wp\/v2\/media?parent=1116046"}],"wp:term":[{"taxonomy":"product_brand","embeddable":true,"href":"https:\/\/airfoam.ro\/shop\/wp-json\/wp\/v2\/product_brand?post=1116046"},{"taxonomy":"product_cat","embeddable":true,"href":"https:\/\/airfoam.ro\/shop\/wp-json\/wp\/v2\/product_cat?post=1116046"},{"taxonomy":"product_tag","embeddable":true,"href":"https:\/\/airfoam.ro\/shop\/wp-json\/wp\/v2\/product_tag?post=1116046"}],"curies":[{"name":"wp","href":"https:\/\/api.w.org\/{rel}","templated":true}]}}