{"id":111627280,"date":"2024-03-04T09:49:27","date_gmt":"2024-03-04T09:49:27","guid":{"rendered":"https:\/\/airfoam.ro\/shop\/?page_id=111627280"},"modified":"2026-02-20T13:35:41","modified_gmt":"2026-02-20T13:35:41","slug":"date-de-identificare-ale-societatii","status":"publish","type":"page","link":"https:\/\/airfoam.ro\/shop\/date-de-identificare-ale-societatii\/","title":{"rendered":"Date de identificare ale societ\u0103\u021bii Ina Plastic SRL"},"content":{"rendered":"<div class=\"wpb-content-wrapper\"><p>[vc_row][vc_column][vc_column_text css=&#8221;&#8221; woodmart_inline=&#8221;yes&#8221; text_larger=&#8221;no&#8221;]<\/p>\n<div class=\"vc_row wpb_row vc_row-fluid\">\n<div class=\"wpb_column vc_column_container vc_col-sm-12\">\n<div class=\"vc_column-inner\">\n<div class=\"wpb_wrapper\">\n<div class=\"wpb_text_column wpb_content_element\">\n<div class=\"wpb_wrapper\">\n<p><b><u>Date de identificare, obiecte de activitate, documente in baza carora societatea isi desfasoara activitatea<\/u><\/b><\/p>\n<p>SC Ina Plastic SRL, cu datele de identificare:<\/p>\n<p><strong>Cod Unic de \u00cenregistrare<\/strong>: 37210389 din data de 15.03.2017<br \/>\n<strong>Nr. de ordine \u00een registrul comer\u021bului<\/strong>: J2017000484055<br \/>\n<strong>Identificator Unic la Nivel European (EUID)<\/strong>: ROONRC.J2017000484055<br \/>\n<strong>Sediu social<\/strong>: Municipiul Oradea, Strada Be\u00f6thy \u00d6d\u00f6n, nr 11, Judet Bihor.<\/p>\n<h4><strong>Obiecte de activitate:<\/strong><\/h4>\n<ul>\n<li>COD CAEN 2221 Fabricarea pl\u0103cilor, foliilor, tuburilor \u0219i profilelor din material plastic<\/li>\n<li>COD CAEN 4690 Comert cu ridicata nespecializat<\/li>\n<\/ul>\n<h4><b>Cetificate \/ Autoriza\u021bii \/ Avize \/ Licente privind activitatea societatii:<\/b><\/h4>\n<ul>\n<li><strong>Certificat de \u00eenregistrare<\/strong> seria B nr. 5594748\/23.12.2025, emitent Ministerul Justi\u021biei \/ Oficiul National al Registrului Comer\u021bului; Oficiul Registrului Comer\u021bului de pe l\u00e2ng\u0103 Tribunlul Bihor<\/li>\n<li><b>Certificat de \u00eenregistrare \u00een scopuri de TVA<\/b> seria B nr. 1881988\/29.05.2020, emitent Ministerul Finantelor Publice \/ A.N.A.F.;<\/li>\n<\/ul>\n<\/div>\n<\/div>\n<\/div>\n<\/div>\n<\/div>\n<\/div>\n<p>[\/vc_column_text][\/vc_column][\/vc_row][vc_row][vc_column][vc_column_text]<br \/>\n[\/vc_column_text][\/vc_column][\/vc_row][vc_row disable_element=&#8221;yes&#8221; woodmart_css_id=&#8221;695f9a6f3999f&#8221; responsive_spacing=&#8221;eyJwYXJhbV90eXBlIjoid29vZG1hcnRfcmVzcG9uc2l2ZV9zcGFjaW5nIiwic2VsZWN0b3JfaWQiOiI2OTVmOWE2ZjM5OTlmIiwic2hvcnRjb2RlIjoidmNfcm93IiwiZGF0YSI6eyJ0YWJsZXQiOnt9LCJtb2JpbGUiOnt9fX0=&#8221; mobile_bg_img_hidden=&#8221;no&#8221; tablet_bg_img_hidden=&#8221;no&#8221; woodmart_parallax=&#8221;0&#8243; woodmart_gradient_switch=&#8221;no&#8221; woodmart_box_shadow=&#8221;no&#8221; wd_z_index=&#8221;no&#8221; woodmart_disable_overflow=&#8221;0&#8243; row_reverse_mobile=&#8221;0&#8243; row_reverse_tablet=&#8221;0&#8243;][vc_column][vc_column_text woodmart_inline=&#8221;yes&#8221; text_larger=&#8221;no&#8221;]<strong><u><b>Date de identificare, obiecte de activitate, documente in baza carora societatea isi desfasoara activitatea<\/b><\/u><\/strong><\/p>\n<p>SC Airfoam SRL, cu datele de identificare:<\/p>\n<p><strong><b>Cod Unic de \u00cenregistrare<\/b><\/strong>: 40632740 din data de 13.02.2019<br \/>\n<strong><b>Nr. de ordine \u00een registrul comer\u021bului<\/b><\/strong>: J5\/654\/2019 din data de 13.02.2019<br \/>\n<strong><b>Identificator Unic la Nivel European (EUID)<\/b><\/strong>: ROONRC.J5\/654\/2019<br \/>\n<strong><b>Sediu social<\/b><\/strong>: Municipiul Oradea, Strada Be\u00f6thy \u00d6d\u00f6n, nr 11, Judet Bihor.<\/p>\n<p><strong><b>Obiecte de activitate:<\/b><\/strong><\/p>\n<ul>\n<li>COD CAEN 2221 Fabricarea placilor, foliilor, tuburilor si profilelor din material plastic<\/li>\n<li>COD CAEN 4690 Comert cu ridicata nespecificat<\/li>\n<li>COD CAEN 6201 Activitati de realizare a soft-ului la comanda (Software orientat client)<\/li>\n<li>COD CAEN 6202 Activitati de consultanta in tehnologia informatiei<\/li>\n<li>COD CAEN 6203 Activitati de management (gestiune si exploatare) a mijloacelor de calcul<\/li>\n<li>COD CAEN 6209 Alte activitatii de servicii privind tehnologia informatiei<\/li>\n<li>COD CAEN 6311 Prelucrarea datelor, administrarea paginilor web si activitatii conexe<\/li>\n<li>COD CAEN 6312 Activitati ale portalurilor web<\/li>\n<li>COD CAEN 6399 Alte activitatii de servicii informationale n.c.a.<\/li>\n<li>COD CAEN 7711 Activitati de inchiriere si leasing cu autoturisme si autovehicole rutiere usoare<\/li>\n<li>COD CAEN 7712 Activitati de inchiriere si leasing cu autovehicule grele<\/li>\n<li>COD CAEN 8292 Activitati de ambalare<\/li>\n<\/ul>\n<p><strong><b>Cetificate \/ Autoriza\u021bii \/ Avize \/ Licente privind activitatea societatii:<\/b><\/strong><\/p>\n<ul>\n<li><strong><b>Certificat de \u00eenregistrare<\/b><\/strong> seria B nr. 4666105\/17.02.2023, emitent Ministerul Justi\u021biei \/ Oficiul National al Registrului Comer\u021bului, Oficiul Registrului Comer\u021bului de pe l\u00e2ng\u0103 Tribunlul Bihor<\/li>\n<\/ul>\n<p>[\/vc_column_text][\/vc_column][\/vc_row]<\/p>\n<\/div>","protected":false},"excerpt":{"rendered":"<p>[vc_row][vc_column][vc_column_text css=&#8221;&#8221; woodmart_inline=&#8221;yes&#8221; text_larger=&#8221;no&#8221;] Date de identificare, obiecte de activitate, documente in baza carora societatea isi desfasoara activitatea SC Ina<\/p>\n","protected":false},"author":1,"featured_media":0,"parent":0,"menu_order":0,"comment_status":"closed","ping_status":"closed","template":"","meta":{"footnotes":""},"class_list":["post-111627280","page","type-page","status-publish","hentry"],"yoast_head":"<!-- This site is optimized with the Yoast SEO Premium plugin v22.0 (Yoast SEO v27.4) - https:\/\/yoast.com\/product\/yoast-seo-premium-wordpress\/ -->\n<title>Date de identificare ale societ\u0103\u021bii Ina Plastic SRL - Produse din polietilena expandata<\/title>\n<meta name=\"robots\" content=\"index, follow, max-snippet:-1, max-image-preview:large, max-video-preview:-1\" \/>\n<link rel=\"canonical\" href=\"https:\/\/airfoam.ro\/shop\/date-de-identificare-ale-societatii\/\" \/>\n<meta property=\"og:locale\" content=\"ro_RO\" \/>\n<meta property=\"og:type\" content=\"article\" \/>\n<meta property=\"og:title\" content=\"Date de identificare ale societ\u0103\u021bii Ina Plastic SRL\" \/>\n<meta property=\"og:description\" content=\"[vc_row][vc_column][vc_column_text css=&#8221;&#8221; woodmart_inline=&#8221;yes&#8221; text_larger=&#8221;no&#8221;] Date de identificare, obiecte de activitate, documente in baza carora societatea isi desfasoara activitatea SC Ina\" \/>\n<meta property=\"og:url\" content=\"https:\/\/airfoam.ro\/shop\/date-de-identificare-ale-societatii\/\" \/>\n<meta property=\"og:site_name\" content=\"Produse din polietilena expandata\" \/>\n<meta property=\"article:modified_time\" content=\"2026-02-20T13:35:41+00:00\" \/>\n<meta name=\"twitter:card\" content=\"summary_large_image\" \/>\n<meta name=\"twitter:label1\" content=\"Timp estimat pentru citire\" \/>\n\t<meta name=\"twitter:data1\" content=\"3 minute\" \/>\n<script type=\"application\/ld+json\" class=\"yoast-schema-graph\">{\"@context\":\"https:\\\/\\\/schema.org\",\"@graph\":[{\"@type\":\"WebPage\",\"@id\":\"https:\\\/\\\/airfoam.ro\\\/shop\\\/date-de-identificare-ale-societatii\\\/\",\"url\":\"https:\\\/\\\/airfoam.ro\\\/shop\\\/date-de-identificare-ale-societatii\\\/\",\"name\":\"Date de identificare ale societ\u0103\u021bii Ina Plastic SRL - Produse din polietilena expandata\",\"isPartOf\":{\"@id\":\"https:\\\/\\\/airfoam.ro\\\/shop\\\/#website\"},\"datePublished\":\"2024-03-04T09:49:27+00:00\",\"dateModified\":\"2026-02-20T13:35:41+00:00\",\"breadcrumb\":{\"@id\":\"https:\\\/\\\/airfoam.ro\\\/shop\\\/date-de-identificare-ale-societatii\\\/#breadcrumb\"},\"inLanguage\":\"ro-RO\",\"potentialAction\":[{\"@type\":\"ReadAction\",\"target\":[\"https:\\\/\\\/airfoam.ro\\\/shop\\\/date-de-identificare-ale-societatii\\\/\"]}]},{\"@type\":\"BreadcrumbList\",\"@id\":\"https:\\\/\\\/airfoam.ro\\\/shop\\\/date-de-identificare-ale-societatii\\\/#breadcrumb\",\"itemListElement\":[{\"@type\":\"ListItem\",\"position\":1,\"name\":\"Home\",\"item\":\"https:\\\/\\\/airfoam.ro\\\/shop\\\/\"},{\"@type\":\"ListItem\",\"position\":2,\"name\":\"Date de identificare ale societ\u0103\u021bii Ina Plastic SRL\"}]},{\"@type\":\"WebSite\",\"@id\":\"https:\\\/\\\/airfoam.ro\\\/shop\\\/#website\",\"url\":\"https:\\\/\\\/airfoam.ro\\\/shop\\\/\",\"name\":\"Produse din polietilena expandata\",\"description\":\"Comercializam polietilena expandata, placi din PEE, folie din polietilena expandata, pungi din polietilena expandata.\",\"publisher\":{\"@id\":\"https:\\\/\\\/airfoam.ro\\\/shop\\\/#organization\"},\"potentialAction\":[{\"@type\":\"SearchAction\",\"target\":{\"@type\":\"EntryPoint\",\"urlTemplate\":\"https:\\\/\\\/airfoam.ro\\\/shop\\\/?s={search_term_string}\"},\"query-input\":{\"@type\":\"PropertyValueSpecification\",\"valueRequired\":true,\"valueName\":\"search_term_string\"}}],\"inLanguage\":\"ro-RO\"},{\"@type\":\"Organization\",\"@id\":\"https:\\\/\\\/airfoam.ro\\\/shop\\\/#organization\",\"name\":\"Airfoam SRL\",\"url\":\"https:\\\/\\\/airfoam.ro\\\/shop\\\/\",\"logo\":{\"@type\":\"ImageObject\",\"inLanguage\":\"ro-RO\",\"@id\":\"https:\\\/\\\/airfoam.ro\\\/shop\\\/#\\\/schema\\\/logo\\\/image\\\/\",\"url\":\"https:\\\/\\\/airfoam.ro\\\/shop\\\/wp-content\\\/uploads\\\/2020\\\/12\\\/airfoam-logo-BLACK-NOU-1.png\",\"contentUrl\":\"https:\\\/\\\/airfoam.ro\\\/shop\\\/wp-content\\\/uploads\\\/2020\\\/12\\\/airfoam-logo-BLACK-NOU-1.png\",\"width\":188,\"height\":65,\"caption\":\"Airfoam SRL\"},\"image\":{\"@id\":\"https:\\\/\\\/airfoam.ro\\\/shop\\\/#\\\/schema\\\/logo\\\/image\\\/\"}}]}<\/script>\n<!-- \/ Yoast SEO Premium plugin. -->","yoast_head_json":{"title":"Date de identificare ale societ\u0103\u021bii Ina Plastic SRL - Produse din polietilena expandata","robots":{"index":"index","follow":"follow","max-snippet":"max-snippet:-1","max-image-preview":"max-image-preview:large","max-video-preview":"max-video-preview:-1"},"canonical":"https:\/\/airfoam.ro\/shop\/date-de-identificare-ale-societatii\/","og_locale":"ro_RO","og_type":"article","og_title":"Date de identificare ale societ\u0103\u021bii Ina Plastic SRL","og_description":"[vc_row][vc_column][vc_column_text css=&#8221;&#8221; woodmart_inline=&#8221;yes&#8221; text_larger=&#8221;no&#8221;] Date de identificare, obiecte de activitate, documente in baza carora societatea isi desfasoara activitatea SC Ina","og_url":"https:\/\/airfoam.ro\/shop\/date-de-identificare-ale-societatii\/","og_site_name":"Produse din polietilena expandata","article_modified_time":"2026-02-20T13:35:41+00:00","twitter_card":"summary_large_image","twitter_misc":{"Timp estimat pentru citire":"3 minute"},"schema":{"@context":"https:\/\/schema.org","@graph":[{"@type":"WebPage","@id":"https:\/\/airfoam.ro\/shop\/date-de-identificare-ale-societatii\/","url":"https:\/\/airfoam.ro\/shop\/date-de-identificare-ale-societatii\/","name":"Date de identificare ale societ\u0103\u021bii Ina Plastic SRL - Produse din polietilena expandata","isPartOf":{"@id":"https:\/\/airfoam.ro\/shop\/#website"},"datePublished":"2024-03-04T09:49:27+00:00","dateModified":"2026-02-20T13:35:41+00:00","breadcrumb":{"@id":"https:\/\/airfoam.ro\/shop\/date-de-identificare-ale-societatii\/#breadcrumb"},"inLanguage":"ro-RO","potentialAction":[{"@type":"ReadAction","target":["https:\/\/airfoam.ro\/shop\/date-de-identificare-ale-societatii\/"]}]},{"@type":"BreadcrumbList","@id":"https:\/\/airfoam.ro\/shop\/date-de-identificare-ale-societatii\/#breadcrumb","itemListElement":[{"@type":"ListItem","position":1,"name":"Home","item":"https:\/\/airfoam.ro\/shop\/"},{"@type":"ListItem","position":2,"name":"Date de identificare ale societ\u0103\u021bii Ina Plastic SRL"}]},{"@type":"WebSite","@id":"https:\/\/airfoam.ro\/shop\/#website","url":"https:\/\/airfoam.ro\/shop\/","name":"Produse din polietilena expandata","description":"Comercializam polietilena expandata, placi din PEE, folie din polietilena expandata, pungi din polietilena expandata.","publisher":{"@id":"https:\/\/airfoam.ro\/shop\/#organization"},"potentialAction":[{"@type":"SearchAction","target":{"@type":"EntryPoint","urlTemplate":"https:\/\/airfoam.ro\/shop\/?s={search_term_string}"},"query-input":{"@type":"PropertyValueSpecification","valueRequired":true,"valueName":"search_term_string"}}],"inLanguage":"ro-RO"},{"@type":"Organization","@id":"https:\/\/airfoam.ro\/shop\/#organization","name":"Airfoam SRL","url":"https:\/\/airfoam.ro\/shop\/","logo":{"@type":"ImageObject","inLanguage":"ro-RO","@id":"https:\/\/airfoam.ro\/shop\/#\/schema\/logo\/image\/","url":"https:\/\/airfoam.ro\/shop\/wp-content\/uploads\/2020\/12\/airfoam-logo-BLACK-NOU-1.png","contentUrl":"https:\/\/airfoam.ro\/shop\/wp-content\/uploads\/2020\/12\/airfoam-logo-BLACK-NOU-1.png","width":188,"height":65,"caption":"Airfoam SRL"},"image":{"@id":"https:\/\/airfoam.ro\/shop\/#\/schema\/logo\/image\/"}}]}},"_links":{"self":[{"href":"https:\/\/airfoam.ro\/shop\/wp-json\/wp\/v2\/pages\/111627280","targetHints":{"allow":["GET"]}}],"collection":[{"href":"https:\/\/airfoam.ro\/shop\/wp-json\/wp\/v2\/pages"}],"about":[{"href":"https:\/\/airfoam.ro\/shop\/wp-json\/wp\/v2\/types\/page"}],"author":[{"embeddable":true,"href":"https:\/\/airfoam.ro\/shop\/wp-json\/wp\/v2\/users\/1"}],"replies":[{"embeddable":true,"href":"https:\/\/airfoam.ro\/shop\/wp-json\/wp\/v2\/comments?post=111627280"}],"version-history":[{"count":5,"href":"https:\/\/airfoam.ro\/shop\/wp-json\/wp\/v2\/pages\/111627280\/revisions"}],"predecessor-version":[{"id":111627734,"href":"https:\/\/airfoam.ro\/shop\/wp-json\/wp\/v2\/pages\/111627280\/revisions\/111627734"}],"wp:attachment":[{"href":"https:\/\/airfoam.ro\/shop\/wp-json\/wp\/v2\/media?parent=111627280"}],"curies":[{"name":"wp","href":"https:\/\/api.w.org\/{rel}","templated":true}]}}